{"id":242567,"date":"2024-07-14T16:22:10","date_gmt":"2024-07-14T16:22:10","guid":{"rendered":"https:\/\/conjuntoheritagetaller.net\/?page_id=242567"},"modified":"2025-01-24T16:24:59","modified_gmt":"2025-01-24T16:24:59","slug":"about-us","status":"publish","type":"page","link":"https:\/\/conjuntoheritagetaller.net\/es\/about-us\/","title":{"rendered":"About Us"},"content":{"rendered":"<p>[et_pb_section fb_built=&#8221;1&#8243; custom_padding_last_edited=&#8221;on|phone&#8221; admin_label=&#8221;Header&#8221; _builder_version=&#8221;4.27.2&#8243; background_enable_color=&#8221;off&#8221; background_enable_image=&#8221;off&#8221; background_blend=&#8221;soft-light&#8221; height=&#8221;600px&#8221; custom_margin=&#8221;90px||||false|false&#8221; custom_padding=&#8221;170px||182px||false|false&#8221; custom_padding_tablet=&#8221;&#8221; custom_padding_phone=&#8221;100px||100px||true|false&#8221; global_colors_info=&#8221;{}&#8221;][et_pb_row use_custom_gutter=&#8221;on&#8221; gutter_width=&#8221;2&#8243; make_equal=&#8221;on&#8221; _builder_version=&#8221;4.18.0&#8243; width=&#8221;90%&#8221; width_tablet=&#8221;90%&#8221; width_phone=&#8221;90%&#8221; width_last_edited=&#8221;on|tablet&#8221; max_width_tablet=&#8221;90%&#8221; max_width_phone=&#8221;90%&#8221; max_width_last_edited=&#8221;off|desktop&#8221; custom_padding=&#8221;0px||0px||true|false&#8221; global_colors_info=&#8221;{}&#8221;][et_pb_column type=&#8221;4_4&#8243; _builder_version=&#8221;4.16&#8243; global_colors_info=&#8221;{}&#8221;][et_pb_text _builder_version=&#8221;4.27.2&#8243; header_font=&#8221;Poppins|600|||||||&#8221; header_text_align=&#8221;center&#8221; header_text_color=&#8221;#ffffff&#8221; header_font_size=&#8221;80px&#8221; header_letter_spacing=&#8221;-1px&#8221; custom_margin=&#8221;50px||||false|false&#8221; animation_direction=&#8221;right&#8221; header_font_size_tablet=&#8221;60px&#8221; header_font_size_phone=&#8221;40px&#8221; header_font_size_last_edited=&#8221;on|phone&#8221; header_line_height_tablet=&#8221;&#8221; header_line_height_phone=&#8221;1.1em&#8221; header_line_height_last_edited=&#8221;on|phone&#8221; global_colors_info=&#8221;{}&#8221;]<\/p>\n<h1>About Us<\/h1>\n<p>[\/et_pb_text][dbp_divi_background_plus _builder_version=&#8221;4.27.0&#8243; _module_preset=&#8221;default&#8221; use_background_color_gradient=&#8221;on&#8221; background_color_gradient_stops=&#8221;#e02b20 0%|#e09900 99%&#8221; background_image=&#8221;<a href=\"https:\/\/conjuntoheritagetaller.net\/wp-content\/uploads\/2024\/07\/kid_first_lesson.jpg&#038;#8221\">https:\/\/conjuntoheritagetaller.net\/wp-content\/uploads\/2024\/07\/kid_first_lesson.jpg&#038;#8221<\/a>; background_position=&#8221;top_right&#8221; background_blend=&#8221;soft-light&#8221; global_colors_info=&#8221;{}&#8221;][\/dbp_divi_background_plus][\/et_pb_column][\/et_pb_row][\/et_pb_section][et_pb_section fb_built=&#8221;1&#8243; admin_label=&#8221;Hero&#8221; _builder_version=&#8221;4.27.0&#8243; _module_preset=&#8221;default&#8221; background_enable_image=&#8221;off&#8221; background_size=&#8221;contain&#8221; background_repeat=&#8221;repeat&#8221; custom_padding=&#8221;8vw||||false|false&#8221; locked=&#8221;off&#8221; collapsed=&#8221;off&#8221; global_colors_info=&#8221;{}&#8221;][et_pb_row _builder_version=&#8221;4.24.2&#8243; _module_preset=&#8221;5138c454-be54-4233-bd3b-f8e6a8747976&#8243; locked=&#8221;off&#8221; global_colors_info=&#8221;{}&#8221;][et_pb_column type=&#8221;4_4&#8243; _builder_version=&#8221;4.23.1&#8243; _module_preset=&#8221;73121f80-a3ef-4484-8763-c3f18e3c56d2&#8243; global_colors_info=&#8221;{}&#8221;][et_pb_text quote_border_color=&#8221;#ffc300&#8243; _builder_version=&#8221;4.27.4&#8243; _module_preset=&#8221;2c55a9c4-feed-423b-9edb-ae0b5b365cac&#8221; text_font=&#8221;Poppins|Fauna One_weight|||||||&#8221; text_text_color=&#8221;rgba(0,0,0,0.64)&#8221; text_font_size=&#8221;16px&#8221; text_line_height=&#8221;1.75em&#8221; link_font=&#8221;|Fauna One_weight|||||||&#8221; link_text_color=&#8221;#003566&#8243; quote_font=&#8221;Cinzel|Cinzel_weight|||||||&#8221; quote_text_color=&#8221;#111111&#8243; header_font=&#8221;Cinzel|Cinzel_weight|||||||&#8221; header_text_color=&#8221;#111111&#8243; header_font_size=&#8221;72px&#8221; header_line_height=&#8221;1.15em&#8221; header_2_font=&#8221;Cinzel|Cinzel_weight|||||||&#8221; header_2_text_color=&#8221;#111111&#8243; header_2_font_size=&#8221;50px&#8221; header_2_line_height=&#8221;1.2em&#8221; header_3_font=&#8221;Cinzel|Cinzel_weight|||||||&#8221; header_3_text_color=&#8221;#111111&#8243; header_3_font_size=&#8221;32px&#8221; header_3_line_height=&#8221;1.3em&#8221; header_4_font=&#8221;Cinzel|Cinzel_weight|||||||&#8221; header_4_text_color=&#8221;#111111&#8243; header_4_font_size=&#8221;24px&#8221; header_4_line_height=&#8221;1.4em&#8221; header_5_font=&#8221;Cinzel|Cinzel_weight|||||||&#8221; header_5_text_color=&#8221;#111111&#8243; header_5_font_size=&#8221;18px&#8221; header_5_line_height=&#8221;1.4em&#8221; header_6_font=&#8221;Cinzel|Cinzel_weight|||||||&#8221; header_6_text_color=&#8221;#111111&#8243; header_6_line_height=&#8221;1.5em&#8221; custom_margin=&#8221;||||false|false&#8221; hover_enabled=&#8221;0&#8243; text_font_size_tablet=&#8221;15px&#8221; text_font_size_phone=&#8221;14px&#8221; text_font_size_last_edited=&#8221;on|phone&#8221; header_font_size_tablet=&#8221;40px&#8221; header_font_size_phone=&#8221;24px&#8221; header_font_size_last_edited=&#8221;on|desktop&#8221; header_2_font_size_tablet=&#8221;28px&#8221; header_2_font_size_phone=&#8221;20px&#8221; header_2_font_size_last_edited=&#8221;on|phone&#8221; header_3_font_size_tablet=&#8221;22px&#8221; header_3_font_size_phone=&#8221;17px&#8221; header_3_font_size_last_edited=&#8221;on|phone&#8221; header_4_font_size_tablet=&#8221;18px&#8221; header_4_font_size_phone=&#8221;15px&#8221; header_4_font_size_last_edited=&#8221;on|tablet&#8221; header_5_font_size_tablet=&#8221;15px&#8221; header_5_font_size_phone=&#8221;14px&#8221; header_5_font_size_last_edited=&#8221;on|desktop&#8221; header_6_font_size_tablet=&#8221;13px&#8221; header_6_font_size_phone=&#8221;13px&#8221; header_6_font_size_last_edited=&#8221;on|desktop&#8221; locked=&#8221;off&#8221; global_colors_info=&#8221;{}&#8221; content_es_mx=&#8221;<\/p>\n<p><strong>El Conjunto, la m\u00fasica tradicional del sur de Texas, se remonta a finales del siglo XIX.<\/strong> Los colonos europeos llegaron al \u00e1rea con sus acordeones de botones y comenzaron a %22hacer m\u00fasica%22 con los colonos mexicanos, quienes prefer\u00edan el bajo sexto (una guitarra baja de seis cuerdas tradicionalmente utilizada en la m\u00fasica norte\u00f1a). El resultado fue m\u00e1gico y se convirti\u00f3 en el sonido caracter\u00edstico del sur de Texas, particularmente en San Antonio.<\/p>\n<p>El <strong>Conjunto Heritage Taller (CHT)<\/strong> es una organizaci\u00f3n comunitaria dedicada a la preservaci\u00f3n y perpetuaci\u00f3n de la m\u00fasica tradicional de Conjunto a trav\u00e9s de la ense\u00f1anza. CHT ofrece clases gratuitas de acorde\u00f3n y bajo sexto para la comunidad, adem\u00e1s de brindar a sus estudiantes oportunidades para participar y presentarse en varios eventos y festivales a lo largo del a\u00f1o.<\/p>\n<p>Los estudiantes del CHT han participado en eventos como el <strong>Tejano Conjunto Festival<\/strong>, el <strong>Texas Folklife Festival<\/strong>, el <strong>International Accordion Festival<\/strong>, el <strong>King William Parade<\/strong>, as\u00ed como en actividades comunitarias como el <strong>National Night Out<\/strong> y otros eventos. Estas presentaciones divertidas y llenas de energ\u00eda ofrecen a los estudiantes la oportunidad de mostrar sus talentos y logros, al mismo tiempo que permiten a los visitantes y residentes experimentar y apreciar la m\u00fasica folcl\u00f3rica tradicional de la regi\u00f3n.<\/p>\n<p>&#8221; sticky_enabled=&#8221;0&#8243;]<\/p>\n<p>Conjunto \u2014 the traditional music of South Texas \u2014 dates back to the end of the 19th century. European settlers moved into the area with their button accordions. They began \u2018making music\u2019 with Mexican settlers who favored the bajo sexto (a lower sixth bass guitar traditionally used in Norte\u00f1o music). The results were magical and became the signature sound of South Texas \u2014 particularly San Antonio.<\/p>\n<p>The Conjunto Heritage Taller (CHT) is a community-based organization dedicated to the preservation and perpetuation by providing instruction of traditional Conjunto music. CHT offers free\/no-cost accordion and bajo sexto classes to the community, and it offers opportunities to its students to participate and perform in several events and festivals throughout the year. CHT students have performed at the Tejano Conjunto Festival, the Texas Folklife Festival, the International Accordion Festival, the King William Parade, and at community National Night Out and other events. These fun and lively performances give students a chance to showcase their talents and accomplishments and allow visitors and residents to experience and appreciate the traditional folk music of the region.<\/p>\n<p>[\/et_pb_text][\/et_pb_column][\/et_pb_row][et_pb_row column_structure=&#8221;1_2,1_2&#8243; _builder_version=&#8221;4.27.3&#8243; _module_preset=&#8221;default&#8221; global_colors_info=&#8221;{}&#8221;][et_pb_column type=&#8221;1_2&#8243; _builder_version=&#8221;4.27.3&#8243; _module_preset=&#8221;default&#8221; global_colors_info=&#8221;{}&#8221;][et_pb_text _builder_version=&#8221;4.27.3&#8243; _module_preset=&#8221;default&#8221; text_font=&#8221;&#8211;et_global_body_font|700|||||||&#8221; text_text_color=&#8221;#FFFFFF&#8221; text_line_height=&#8221;1em&#8221; header_font=&#8221;&#8211;et_global_body_font|700|||||||&#8221; header_text_color=&#8221;#E02B20&#8243; header_3_font=&#8221;&#8211;et_global_body_font|700|||||||&#8221; header_3_text_color=&#8221;#E02B20&#8243; header_3_font_size=&#8221;20px&#8221; header_3_text_shadow_style=&#8221;preset2&#8243; global_colors_info=&#8221;{}&#8221;]<\/p>\n<h3 class=\"et_pb_module_header\">Carol Rodriguez &#8211; Co-Founder<\/h3>\n<p>[\/et_pb_text][et_pb_video src=&#8221;<a href=\"https:\/\/youtu.be\/ckx6H4c6-84&#038;#8243\" rel=\"nofollow\">https:\/\/youtu.be\/ckx6H4c6-84&#038;#8243<\/a>; _builder_version=&#8221;4.27.3&#8243; _module_preset=&#8221;default&#8221; border_width_all=&#8221;5px&#8221; border_color_all=&#8221;#000000&#8243; global_colors_info=&#8221;{}&#8221;][\/et_pb_video][\/et_pb_column][et_pb_column type=&#8221;1_2&#8243; _builder_version=&#8221;4.27.3&#8243; _module_preset=&#8221;default&#8221; global_colors_info=&#8221;{}&#8221;][et_pb_text _builder_version=&#8221;4.27.3&#8243; _module_preset=&#8221;default&#8221; text_font=&#8221;&#8211;et_global_body_font|700|||||||&#8221; text_text_color=&#8221;#FFFFFF&#8221; text_line_height=&#8221;1em&#8221; header_font=&#8221;&#8211;et_global_body_font|700|||||||&#8221; header_text_color=&#8221;#E02B20&#8243; header_3_font=&#8221;&#8211;et_global_body_font|700|||||||&#8221; header_3_text_color=&#8221;#E02B20&#8243; header_3_font_size=&#8221;20px&#8221; header_3_text_shadow_style=&#8221;preset2&#8243; global_colors_info=&#8221;{}&#8221;]<\/p>\n<h3 class=\"et_pb_module_header\">History of Conjunto Music<\/h3>\n<p>[\/et_pb_text][et_pb_video src=&#8221;<a href=\"https:\/\/youtu.be\/cje9TpQVvLA&#038;#8221\" rel=\"nofollow\">https:\/\/youtu.be\/cje9TpQVvLA&#038;#8221<\/a>; _builder_version=&#8221;4.27.3&#8243; _module_preset=&#8221;default&#8221; border_width_all=&#8221;5px&#8221; border_color_all=&#8221;#000000&#8243; global_colors_info=&#8221;{}&#8221;][\/et_pb_video][\/et_pb_column][\/et_pb_row][\/et_pb_section]<\/p>\n","protected":false},"excerpt":{"rendered":"<p>About Us<div class=\"et_pb_module dbp_divi_background_plus dbp_divi_background_plus_0\">\n\t\t\t\t\n\t\t\t\t\n\t\t\t\t\n\t\t\t\t\n\t\t\t\t\n\t\t\t\t\n\t\t\t\t<div class=\"et_pb_module_inner\">\n\t\t\t\t\t<div class=\"dbp_divi_background_plus_inner d5bgo-anchor\" data-level=\"section\" data-target=\"section\" data-module-id=\"dbp_0\">DB+<\/div>\n\t\t\t\t<\/div>\n\t\t\t<\/div>Conjunto \u2014 the traditional music of South Texas \u2014 dates back to the end of the 19th century. European [&hellip;]<\/p>\n","protected":false},"author":1,"featured_media":0,"parent":0,"menu_order":0,"comment_status":"closed","ping_status":"closed","template":"","meta":{"_et_pb_use_builder":"on","_et_pb_old_content":"","_et_gb_content_width":"","_crdt_document":"","_price":"","_stock":"","_tribe_ticket_header":"","_tribe_default_ticket_provider":"","_tribe_ticket_capacity":"0","_ticket_start_date":"","_ticket_end_date":"","_tribe_ticket_show_description":"","_tribe_ticket_show_not_going":false,"_tribe_ticket_use_global_stock":"","_tribe_ticket_global_stock_level":"","_global_stock_mode":"","_global_stock_cap":"","_tribe_rsvp_for_event":"","_tribe_ticket_going_count":"","_tribe_ticket_not_going_count":"","_tribe_tickets_list":"[]","_tribe_ticket_has_attendee_info_fields":false,"footnotes":"","_tec_slr_enabled":"","_tec_slr_layout":""},"class_list":["post-242567","page","type-page","status-publish","hentry"],"aioseo_notices":[],"jetpack_shortlink":"https:\/\/wp.me\/PgOMGb-116n","ticketed":false,"_links":{"self":[{"href":"https:\/\/conjuntoheritagetaller.net\/es\/wp-json\/wp\/v2\/pages\/242567","targetHints":{"allow":["GET"]}}],"collection":[{"href":"https:\/\/conjuntoheritagetaller.net\/es\/wp-json\/wp\/v2\/pages"}],"about":[{"href":"https:\/\/conjuntoheritagetaller.net\/es\/wp-json\/wp\/v2\/types\/page"}],"author":[{"embeddable":true,"href":"https:\/\/conjuntoheritagetaller.net\/es\/wp-json\/wp\/v2\/users\/1"}],"replies":[{"embeddable":true,"href":"https:\/\/conjuntoheritagetaller.net\/es\/wp-json\/wp\/v2\/comments?post=242567"}],"version-history":[{"count":9,"href":"https:\/\/conjuntoheritagetaller.net\/es\/wp-json\/wp\/v2\/pages\/242567\/revisions"}],"predecessor-version":[{"id":366557,"href":"https:\/\/conjuntoheritagetaller.net\/es\/wp-json\/wp\/v2\/pages\/242567\/revisions\/366557"}],"wp:attachment":[{"href":"https:\/\/conjuntoheritagetaller.net\/es\/wp-json\/wp\/v2\/media?parent=242567"}],"curies":[{"name":"wp","href":"https:\/\/api.w.org\/{rel}","templated":true}]}}