{"id":242846,"date":"2024-07-22T16:15:04","date_gmt":"2024-07-22T16:15:04","guid":{"rendered":"https:\/\/conjuntoheritagetaller.net\/?page_id=242846"},"modified":"2024-11-13T20:27:11","modified_gmt":"2024-11-13T20:27:11","slug":"press","status":"publish","type":"page","link":"https:\/\/conjuntoheritagetaller.net\/es\/press\/","title":{"rendered":"Press"},"content":{"rendered":"<p>[et_pb_section fb_built=&#8221;1&#8243; custom_padding_last_edited=&#8221;on|phone&#8221; admin_label=&#8221;Header&#8221; _builder_version=&#8221;4.27.2&#8243; background_enable_color=&#8221;off&#8221; background_enable_image=&#8221;off&#8221; background_blend=&#8221;soft-light&#8221; height=&#8221;600px&#8221; custom_margin=&#8221;90px||||false|false&#8221; custom_padding=&#8221;170px||182px||false|false&#8221; custom_padding_tablet=&#8221;&#8221; custom_padding_phone=&#8221;100px||100px||true|false&#8221; global_colors_info=&#8221;{}&#8221;][et_pb_row use_custom_gutter=&#8221;on&#8221; gutter_width=&#8221;2&#8243; make_equal=&#8221;on&#8221; _builder_version=&#8221;4.18.0&#8243; width=&#8221;90%&#8221; width_tablet=&#8221;90%&#8221; width_phone=&#8221;90%&#8221; width_last_edited=&#8221;on|tablet&#8221; max_width_tablet=&#8221;90%&#8221; max_width_phone=&#8221;90%&#8221; max_width_last_edited=&#8221;off|desktop&#8221; custom_padding=&#8221;0px||0px||true|false&#8221; global_colors_info=&#8221;{}&#8221;][et_pb_column type=&#8221;4_4&#8243; _builder_version=&#8221;4.16&#8243; global_colors_info=&#8221;{}&#8221;][et_pb_text _builder_version=&#8221;4.27.3&#8243; header_font=&#8221;Poppins|600|||||||&#8221; header_text_align=&#8221;center&#8221; header_text_color=&#8221;#ffffff&#8221; header_font_size=&#8221;80px&#8221; header_letter_spacing=&#8221;-1px&#8221; custom_margin=&#8221;50px||||false|false&#8221; animation_direction=&#8221;right&#8221; hover_enabled=&#8221;0&#8243; header_font_size_tablet=&#8221;60px&#8221; header_font_size_phone=&#8221;40px&#8221; header_font_size_last_edited=&#8221;on|phone&#8221; header_line_height_tablet=&#8221;&#8221; header_line_height_phone=&#8221;1.1em&#8221; header_line_height_last_edited=&#8221;on|phone&#8221; global_colors_info=&#8221;{}&#8221; content_es_mx=&#8221;<\/p>\n<h1>Prensa<\/h1>\n<p>&#8221; sticky_enabled=&#8221;0&#8243;]<\/p>\n<h1>Press<\/h1>\n<p>[\/et_pb_text][dbp_divi_background_plus _builder_version=&#8221;4.27.0&#8243; _module_preset=&#8221;default&#8221; use_background_color_gradient=&#8221;on&#8221; background_color_gradient_stops=&#8221;#e02b20 0%|#e09900 99%&#8221; background_image=&#8221;<a href=\"https:\/\/conjuntoheritagetaller.net\/wp-content\/uploads\/2024\/07\/kids.jpeg&#038;#8221\">https:\/\/conjuntoheritagetaller.net\/wp-content\/uploads\/2024\/07\/kids.jpeg&#038;#8221<\/a>; background_position=&#8221;top_center&#8221; background_blend=&#8221;soft-light&#8221; global_colors_info=&#8221;{}&#8221;][\/dbp_divi_background_plus][\/et_pb_column][\/et_pb_row][\/et_pb_section][et_pb_section fb_built=&#8221;1&#8243; admin_label=&#8221;Text Block&#8221; _builder_version=&#8221;4.27.0&#8243; _module_preset=&#8221;default&#8221; background_enable_image=&#8221;off&#8221; custom_padding=&#8221;8vw||||false|false&#8221; locked=&#8221;off&#8221; collapsed=&#8221;off&#8221; global_colors_info=&#8221;{}&#8221;][et_pb_row _builder_version=&#8221;4.27.0&#8243; _module_preset=&#8221;default&#8221; global_colors_info=&#8221;{}&#8221;][et_pb_column type=&#8221;4_4&#8243; _builder_version=&#8221;4.27.0&#8243; _module_preset=&#8221;default&#8221; global_colors_info=&#8221;{}&#8221;][et_pb_text _builder_version=&#8221;4.27.3&#8243; _module_preset=&#8221;default&#8221; header_2_font=&#8221;Poppins|700|||||||&#8221; hover_enabled=&#8221;0&#8243; global_colors_info=&#8221;{}&#8221; content_es_mx=&#8221;<\/p>\n<h2>Conjunto Heritage Taller preserva los sonidos del sur de Texas<\/h2>\n<p>&#8221; sticky_enabled=&#8221;0&#8243;]<\/p>\n<h2>Conjunto Heritage Taller is preserving the sounds of South Texas<\/h2>\n<p>[\/et_pb_text][et_pb_video src=&#8221;<a href=\"https:\/\/youtu.be\/vFdjSWBCMgg?si=COov83pnmZSSyMjC&#038;#8221\" rel=\"nofollow\">https:\/\/youtu.be\/vFdjSWBCMgg?si=COov83pnmZSSyMjC&#038;#8221<\/a>; _builder_version=&#8221;4.27.0&#8243; _module_preset=&#8221;default&#8221; global_colors_info=&#8221;{}&#8221;][\/et_pb_video][\/et_pb_column][\/et_pb_row][\/et_pb_section][et_pb_section fb_built=&#8221;1&#8243; admin_label=&#8221;Text Block&#8221; _builder_version=&#8221;4.27.0&#8243; _module_preset=&#8221;default&#8221; background_enable_image=&#8221;off&#8221; custom_padding=&#8221;8vw||||false|false&#8221; locked=&#8221;off&#8221; collapsed=&#8221;off&#8221; global_colors_info=&#8221;{}&#8221;][et_pb_row _builder_version=&#8221;4.27.0&#8243; _module_preset=&#8221;default&#8221; global_colors_info=&#8221;{}&#8221;][et_pb_column type=&#8221;4_4&#8243; _builder_version=&#8221;4.27.0&#8243; _module_preset=&#8221;default&#8221; global_colors_info=&#8221;{}&#8221;][et_pb_text _builder_version=&#8221;4.27.3&#8243; _module_preset=&#8221;default&#8221; header_2_font=&#8221;Poppins|700|||||||&#8221; hover_enabled=&#8221;0&#8243; global_colors_info=&#8221;{}&#8221; content_es_mx=&#8221;<\/p>\n<h2>Organizaci\u00f3n sin fines de lucro en el punto de mira Fundaci\u00f3n del \u00c1rea de San Antonio<\/h2>\n<p>&#8221; sticky_enabled=&#8221;0&#8243;]<\/p>\n<h2>Nonprofit In Spotlight San Antonio Area Foundation<\/h2>\n<p>[\/et_pb_text][et_pb_video src=&#8221;<a href=\"https:\/\/www.youtube.com\/watch?v=hTqIWeYorQM&#038;#8221\" rel=\"nofollow\">https:\/\/www.youtube.com\/watch?v=hTqIWeYorQM&#038;#8221<\/a>; _builder_version=&#8221;4.27.0&#8243; _module_preset=&#8221;default&#8221; global_colors_info=&#8221;{}&#8221;][\/et_pb_video][\/et_pb_column][\/et_pb_row][\/et_pb_section]<\/p>\n","protected":false},"excerpt":{"rendered":"<p>Press<div class=\"et_pb_module dbp_divi_background_plus dbp_divi_background_plus_0\">\n\t\t\t\t\n\t\t\t\t\n\t\t\t\t\n\t\t\t\t\n\t\t\t\t\n\t\t\t\t\n\t\t\t\t<div class=\"et_pb_module_inner\">\n\t\t\t\t\t<div class=\"dbp_divi_background_plus_inner d5bgo-anchor\" data-level=\"section\" data-target=\"section\" data-module-id=\"dbp_0\">DB+<\/div>\n\t\t\t\t<\/div>\n\t\t\t<\/div>Conjunto Heritage Taller is preserving the sounds of South TexasNonprofit In Spotlight San Antonio Area Foundation<\/p>\n","protected":false},"author":1,"featured_media":0,"parent":0,"menu_order":0,"comment_status":"closed","ping_status":"closed","template":"","meta":{"_et_pb_use_builder":"on","_et_pb_old_content":"","_et_gb_content_width":"","_crdt_document":"","_price":"","_stock":"","_tribe_ticket_header":"","_tribe_default_ticket_provider":"","_tribe_ticket_capacity":"0","_ticket_start_date":"","_ticket_end_date":"","_tribe_ticket_show_description":"","_tribe_ticket_show_not_going":false,"_tribe_ticket_use_global_stock":"","_tribe_ticket_global_stock_level":"","_global_stock_mode":"","_global_stock_cap":"","_tribe_rsvp_for_event":"","_tribe_ticket_going_count":"","_tribe_ticket_not_going_count":"","_tribe_tickets_list":"[]","_tribe_ticket_has_attendee_info_fields":false,"footnotes":"","_tec_slr_enabled":"","_tec_slr_layout":""},"class_list":["post-242846","page","type-page","status-publish","hentry"],"aioseo_notices":[],"jetpack_shortlink":"https:\/\/wp.me\/PgOMGb-11aS","ticketed":false,"_links":{"self":[{"href":"https:\/\/conjuntoheritagetaller.net\/es\/wp-json\/wp\/v2\/pages\/242846","targetHints":{"allow":["GET"]}}],"collection":[{"href":"https:\/\/conjuntoheritagetaller.net\/es\/wp-json\/wp\/v2\/pages"}],"about":[{"href":"https:\/\/conjuntoheritagetaller.net\/es\/wp-json\/wp\/v2\/types\/page"}],"author":[{"embeddable":true,"href":"https:\/\/conjuntoheritagetaller.net\/es\/wp-json\/wp\/v2\/users\/1"}],"replies":[{"embeddable":true,"href":"https:\/\/conjuntoheritagetaller.net\/es\/wp-json\/wp\/v2\/comments?post=242846"}],"version-history":[{"count":9,"href":"https:\/\/conjuntoheritagetaller.net\/es\/wp-json\/wp\/v2\/pages\/242846\/revisions"}],"predecessor-version":[{"id":366480,"href":"https:\/\/conjuntoheritagetaller.net\/es\/wp-json\/wp\/v2\/pages\/242846\/revisions\/366480"}],"wp:attachment":[{"href":"https:\/\/conjuntoheritagetaller.net\/es\/wp-json\/wp\/v2\/media?parent=242846"}],"curies":[{"name":"wp","href":"https:\/\/api.w.org\/{rel}","templated":true}]}}