{"id":242954,"date":"2024-10-30T15:21:18","date_gmt":"2024-10-30T15:21:18","guid":{"rendered":"https:\/\/conjuntoheritagetaller.net\/?page_id=242954"},"modified":"2026-02-18T18:49:28","modified_gmt":"2026-02-19T00:49:28","slug":"our-staff","status":"publish","type":"page","link":"https:\/\/conjuntoheritagetaller.net\/es\/our-staff\/","title":{"rendered":"Our Staff"},"content":{"rendered":"<p>[et_pb_section fb_built=&#8221;1&#8243; custom_padding_last_edited=&#8221;on|phone&#8221; admin_label=&#8221;Header&#8221; _builder_version=&#8221;4.27.2&#8243; background_enable_color=&#8221;off&#8221; background_enable_image=&#8221;off&#8221; background_blend=&#8221;soft-light&#8221; height=&#8221;600px&#8221; custom_margin=&#8221;90px||||false|false&#8221; custom_padding=&#8221;170px||182px||false|false&#8221; custom_padding_tablet=&#8221;&#8221; custom_padding_phone=&#8221;100px||100px||true|false&#8221; global_colors_info=&#8221;{}&#8221;][et_pb_row use_custom_gutter=&#8221;on&#8221; gutter_width=&#8221;2&#8243; make_equal=&#8221;on&#8221; _builder_version=&#8221;4.18.0&#8243; width=&#8221;90%&#8221; width_tablet=&#8221;90%&#8221; width_phone=&#8221;90%&#8221; width_last_edited=&#8221;on|tablet&#8221; max_width_tablet=&#8221;90%&#8221; max_width_phone=&#8221;90%&#8221; max_width_last_edited=&#8221;off|desktop&#8221; custom_padding=&#8221;0px||0px||true|false&#8221; global_colors_info=&#8221;{}&#8221;][et_pb_column type=&#8221;4_4&#8243; _builder_version=&#8221;4.16&#8243; global_colors_info=&#8221;{}&#8221;][et_pb_text _builder_version=&#8221;4.27.3&#8243; header_font=&#8221;Poppins|600|||||||&#8221; header_text_align=&#8221;center&#8221; header_text_color=&#8221;#ffffff&#8221; header_font_size=&#8221;80px&#8221; header_letter_spacing=&#8221;-1px&#8221; custom_margin=&#8221;50px||||false|false&#8221; animation_direction=&#8221;right&#8221; header_font_size_tablet=&#8221;60px&#8221; header_font_size_phone=&#8221;40px&#8221; header_font_size_last_edited=&#8221;on|phone&#8221; header_line_height_tablet=&#8221;&#8221; header_line_height_phone=&#8221;1.1em&#8221; header_line_height_last_edited=&#8221;on|phone&#8221; content_es_mx=&#8221;<\/p>\n<h1>Nuestro personal<\/h1>\n<p>&#8221; global_colors_info=&#8221;{}&#8221;]<\/p>\n<h1>Our Staff<\/h1>\n<p>[\/et_pb_text][dbp_divi_background_plus _builder_version=&#8221;4.27.2&#8243; _module_preset=&#8221;default&#8221; use_background_color_gradient=&#8221;on&#8221; background_color_gradient_stops=&#8221;#e02b20 0%|#e09900 99%&#8221; background_image=&#8221;<a href=\"https:\/\/conjuntoheritagetaller.net\/wp-content\/uploads\/2024\/11\/12-1.jpeg&#038;#8221\">https:\/\/conjuntoheritagetaller.net\/wp-content\/uploads\/2024\/11\/12-1.jpeg&#038;#8221<\/a>; background_position=&#8221;top_center&#8221; background_vertical_offset=&#8221;20%&#8221; background_blend=&#8221;soft-light&#8221; global_colors_info=&#8221;{}&#8221;][\/dbp_divi_background_plus][\/et_pb_column][\/et_pb_row][\/et_pb_section][et_pb_section fb_built=&#8221;1&#8243; admin_label=&#8221;Hero&#8221; _builder_version=&#8221;4.27.0&#8243; _module_preset=&#8221;default&#8221; background_enable_image=&#8221;off&#8221; custom_padding=&#8221;8vw||||false|false&#8221; locked=&#8221;off&#8221; collapsed=&#8221;off&#8221; global_colors_info=&#8221;{}&#8221;][et_pb_row _builder_version=&#8221;4.27.0&#8243; _module_preset=&#8221;default&#8221; global_colors_info=&#8221;{}&#8221;][et_pb_column type=&#8221;4_4&#8243; _builder_version=&#8221;4.27.0&#8243; _module_preset=&#8221;default&#8221; global_colors_info=&#8221;{}&#8221;][et_pb_blurb title=&#8221;Celeste Cavazos &#8211; Executive Director\u00a0&#8221; image=&#8221;<a href=\"https:\/\/conjuntoheritagetaller.net\/wp-content\/uploads\/2024\/10\/1.jpg&#038;#8221\">https:\/\/conjuntoheritagetaller.net\/wp-content\/uploads\/2024\/10\/1.jpg&#038;#8221<\/a>; icon_placement=&#8221;left&#8221; image_icon_width=&#8221;300px&#8221; content_max_width=&#8221;100%&#8221; icon_placement_tablet=&#8221;left&#8221; icon_placement_phone=&#8221;top&#8221; icon_placement_last_edited=&#8221;on|phone&#8221; _builder_version=&#8221;4.27.4&#8243; _module_preset=&#8221;default&#8221; header_font=&#8221;Poppins|700|||||||&#8221; header_font_size=&#8221;30px&#8221; body_font=&#8221;Poppins||||||||&#8221; image_icon_custom_margin=&#8221;35px||||false|false&#8221; title_es_mx=&#8221;Celeste Cavazos &#8211; Gerente de Programas&#8221; content_es_mx=&#8221;Con amplia experiencia en la gesti\u00f3n de subvenciones, desarrollo de proyectos, coordinaci\u00f3n y planificaci\u00f3n de eventos, as\u00ed como una s\u00f3lida formaci\u00f3n en negocios y desarrollo econ\u00f3mico, Celeste posee un conjunto diverso de habilidades. Es la fundadora y propietaria de Lala\u2019s Bootleg Salsa, una l\u00ednea de salsas galardonada y certificada como productos \u201cGo Texan\u201d. Adem\u00e1s, tambi\u00e9n fund\u00f3 Celeste Cavazos Consulting (CCC), que ofrece servicios en desarrollo de peque\u00f1as empresas, gesti\u00f3n de subvenciones y planificaci\u00f3n de eventos.<\/p>\n<p>Se mud\u00f3 a San Antonio en 1986 para asistir a la Universidad de St. Mary\u2019s, donde obtuvo su Licenciatura y Maestr\u00eda en Ciencias Pol\u00edticas, y actualmente trabaja como Coordinadora de Actividades para el Programa de Subvenciones T\u00edtulo V \u2013 CURE, mientras cursa su segundo posgrado, una Maestr\u00eda en Evaluaci\u00f3n de Programas. Celeste trabajaba en la Oficina de Asuntos Culturales de la Ciudad de San Antonio en 2022 cuando conoci\u00f3 por primera vez el Conjunto Heritage Taller y se enamor\u00f3 instant\u00e1neamente de la organizaci\u00f3n y su misi\u00f3n. Desde entonces, el amor y apoyo de Celeste hacia el Taller la han llevado a desempe\u00f1arse como miembro de la junta directiva, voluntaria, Directora Ejecutiva y, actualmente, Gerente de Programas. Est\u00e1 dedicada a contribuir al crecimiento continuo del Taller y su misi\u00f3n de la \u201cpreservaci\u00f3n y perpetuaci\u00f3n de la m\u00fasica tradicional del Conjunto.\u201d&#8221; border_radii_image=&#8221;off|15px|15px|15px|15px&#8221; global_colors_info=&#8221;{}&#8221;]<\/p>\n<p>With extensive experience in grant management, project development, coordination, and event planning, as well as a background in business and economic development, Celeste has a diverse skill set. She is the founder and owner of Lala\u2019s Bootleg Salsa. A line of salsas that is award-winning and \u201cGo Texan\u201d products. In addition, she also founded Celeste Cavazos Consulting (CCC), providing services in small business development, grant management, and event planning. She moved to San Antonio in 1986 to attend St. Mary\u2019s University, where she obtained her Bachelor\u2019s and Master\u2019s Degrees in Political Science and where she currently works as the McNair Scholars Program Grant Coordinator and is pursuing her second graduate degree, an MS in Program Evaluation. Celeste was working for the City of San Antonio\u2019s Office of Cultural Affairs in 2022 when she was first introduced to the Conjunto Heritage Taller and instantly fell in love with the organization and its mission. Since then, Celeste\u2019s love and support for the Taller have led her to serve as a board member, volunteer,<span style=\"background-color: #ffffff; font-size: 14px;\">Program Manager<\/span><span style=\"font-size: 14px;\">, and now\u00a0<\/span><span style=\"font-size: 14px; background-color: #ffffff;\">Executive Director<\/span><span style=\"font-size: 14px;\">. She is dedicated to assisting in leading the continued growth of the Taller and its mission of the \u201cpreservation and perpetuation of traditional Conjunto music.\u201d<\/span><\/p>\n<p>[\/et_pb_blurb][\/et_pb_column][\/et_pb_row][\/et_pb_section]<\/p>\n","protected":false},"excerpt":{"rendered":"<p>Our Staff<div class=\"et_pb_module dbp_divi_background_plus dbp_divi_background_plus_0\">\n\t\t\t\t\n\t\t\t\t\n\t\t\t\t\n\t\t\t\t\n\t\t\t\t\n\t\t\t\t\n\t\t\t\t<div class=\"et_pb_module_inner\">\n\t\t\t\t\t<div class=\"dbp_divi_background_plus_inner d5bgo-anchor\" data-level=\"section\" data-target=\"section\" data-module-id=\"dbp_0\">DB+<\/div>\n\t\t\t\t<\/div>\n\t\t\t<\/div>With extensive experience in grant management, project development, coordination, and event planning, as well as a background in [&hellip;]<\/p>\n","protected":false},"author":1,"featured_media":0,"parent":0,"menu_order":0,"comment_status":"closed","ping_status":"closed","template":"","meta":{"_et_pb_use_builder":"on","_et_pb_old_content":"","_et_gb_content_width":"","_crdt_document":"","_price":"","_stock":"","_tribe_ticket_header":"","_tribe_default_ticket_provider":"","_tribe_ticket_capacity":"0","_ticket_start_date":"","_ticket_end_date":"","_tribe_ticket_show_description":"","_tribe_ticket_show_not_going":false,"_tribe_ticket_use_global_stock":"","_tribe_ticket_global_stock_level":"","_global_stock_mode":"","_global_stock_cap":"","_tribe_rsvp_for_event":"","_tribe_ticket_going_count":"","_tribe_ticket_not_going_count":"","_tribe_tickets_list":"[]","_tribe_ticket_has_attendee_info_fields":false,"footnotes":"","_tec_slr_enabled":"","_tec_slr_layout":""},"class_list":["post-242954","page","type-page","status-publish","hentry"],"aioseo_notices":[],"jetpack_shortlink":"https:\/\/wp.me\/PgOMGb-11cC","ticketed":false,"_links":{"self":[{"href":"https:\/\/conjuntoheritagetaller.net\/es\/wp-json\/wp\/v2\/pages\/242954","targetHints":{"allow":["GET"]}}],"collection":[{"href":"https:\/\/conjuntoheritagetaller.net\/es\/wp-json\/wp\/v2\/pages"}],"about":[{"href":"https:\/\/conjuntoheritagetaller.net\/es\/wp-json\/wp\/v2\/types\/page"}],"author":[{"embeddable":true,"href":"https:\/\/conjuntoheritagetaller.net\/es\/wp-json\/wp\/v2\/users\/1"}],"replies":[{"embeddable":true,"href":"https:\/\/conjuntoheritagetaller.net\/es\/wp-json\/wp\/v2\/comments?post=242954"}],"version-history":[{"count":11,"href":"https:\/\/conjuntoheritagetaller.net\/es\/wp-json\/wp\/v2\/pages\/242954\/revisions"}],"predecessor-version":[{"id":366797,"href":"https:\/\/conjuntoheritagetaller.net\/es\/wp-json\/wp\/v2\/pages\/242954\/revisions\/366797"}],"wp:attachment":[{"href":"https:\/\/conjuntoheritagetaller.net\/es\/wp-json\/wp\/v2\/media?parent=242954"}],"curies":[{"name":"wp","href":"https:\/\/api.w.org\/{rel}","templated":true}]}}